{"id":529,"date":"2026-01-13T01:46:45","date_gmt":"2026-01-13T00:46:45","guid":{"rendered":"https:\/\/urusegur.com\/?page_id=529"},"modified":"2026-01-31T02:27:00","modified_gmt":"2026-01-31T01:27:00","slug":"politica-de-privacidad","status":"publish","type":"page","link":"https:\/\/nomloop.com\/es-us\/politica-de-privacidad\/","title":{"rendered":"Pol\u00edtica de privacidad"},"content":{"rendered":"<div class=\"bloque-encabezado\">\n<p style=\"text-align: center;\">\n    <span class=\"subtitulo-seccion\">Protecci\u00f3n y tratamiento de datos personales<\/span>\n  <\/p>\n<p class=\"texto-seccion\" style=\"text-align: center;\">\n    La presente Pol\u00edtica de Privacidad regula el tratamiento de los datos<br \/>\n    personales recopilados a trav\u00e9s del sitio web <strong>Nomloop<\/strong>,<br \/>\n    de conformidad con la normativa vigente en materia de protecci\u00f3n de datos.\n  <\/p>\n<p class=\"texto-seccion\" style=\"text-align: center;\">\n    El acceso y uso de este sitio web implica la aceptaci\u00f3n de los t\u00e9rminos<br \/>\n    establecidos en esta pol\u00edtica.\n  <\/p>\n<\/div>\n<h2 class=\"titulo-seccion\"><span class=\"ez-toc-section\" id=\"Responsable_del_tratamiento\"><\/span>Responsable del tratamiento<span class=\"ez-toc-section-end\"><\/span><\/h2>\n<p class=\"texto-seccion\" style=\"text-align: center;\">\n  El responsable del tratamiento de los datos personales recabados a trav\u00e9s<br \/>\n  de este sitio web es <strong>Nomloop<\/strong>, que act\u00faa como titular y gestor<br \/>\n  del directorio informativo.\n<\/p>\n<h2 class=\"titulo-seccion\"><span class=\"ez-toc-section\" id=\"Datos_personales_recopilados\"><\/span>Datos personales recopilados<span class=\"ez-toc-section-end\"><\/span><\/h2>\n<p class=\"texto-seccion\" style=\"text-align: center;\">\n  Nomloop puede recopilar datos personales a trav\u00e9s de formularios de contacto<br \/>\n  u otros medios habilitados en el sitio web.\n<\/p>\n<table class=\"tabla-unificada\">\n<thead>\n<tr>\n<th>Tipo de dato<\/th>\n<th>Finalidad<\/th>\n<\/tr>\n<\/thead>\n<tbody>\n<tr>\n<td>Datos identificativos<\/td>\n<td>Responder consultas enviadas por el usuario.<\/td>\n<\/tr>\n<tr>\n<td>Datos de contacto<\/td>\n<td>Facilitar la comunicaci\u00f3n entre el usuario y el sitio web.<\/td>\n<\/tr>\n<tr>\n<td>Datos t\u00e9cnicos<\/td>\n<td>Garantizar el correcto funcionamiento del sitio.<\/td>\n<\/tr>\n<\/tbody>\n<\/table>\n<h2 class=\"titulo-seccion\"><span class=\"ez-toc-section\" id=\"Finalidad_del_tratamiento\"><\/span>Finalidad del tratamiento<span class=\"ez-toc-section-end\"><\/span><\/h2>\n<p class=\"texto-seccion\" style=\"text-align: center;\">\n  Los datos personales se tratan con las siguientes finalidades:\n<\/p>\n<ul>\n<li>Atender consultas y solicitudes realizadas por el usuario.<\/li>\n<li>Gestionar el correcto funcionamiento del sitio web.<\/li>\n<li>Cumplir con obligaciones legales aplicables.<\/li>\n<\/ul>\n<h2 class=\"titulo-seccion\"><span class=\"ez-toc-section\" id=\"Legitimacion_del_tratamiento\"><\/span>Legitimaci\u00f3n del tratamiento<span class=\"ez-toc-section-end\"><\/span><\/h2>\n<p class=\"texto-seccion\" style=\"text-align: center;\">\n  La base legal para el tratamiento de los datos es el consentimiento<br \/>\n  expreso del usuario, otorgado al enviar sus datos a trav\u00e9s de los<br \/>\n  formularios disponibles en el sitio web.\n<\/p>\n<h2 class=\"titulo-seccion\"><span class=\"ez-toc-section\" id=\"Conservacion_de_los_datos\"><\/span>Conservaci\u00f3n de los datos<span class=\"ez-toc-section-end\"><\/span><\/h2>\n<p class=\"texto-seccion\" style=\"text-align: center;\">\n  Los datos personales se conservar\u00e1n \u00fanicamente durante el tiempo<br \/>\n  necesario para cumplir con la finalidad para la que fueron recabados<br \/>\n  o mientras exista una obligaci\u00f3n legal que lo exija.\n<\/p>\n<h2 class=\"titulo-seccion\"><span class=\"ez-toc-section\" id=\"Cesion_de_datos_a_terceros\"><\/span>Cesi\u00f3n de datos a terceros<span class=\"ez-toc-section-end\"><\/span><\/h2>\n<p class=\"texto-seccion\" style=\"text-align: center;\">\n  Nomloop no cede datos personales a terceros, salvo obligaci\u00f3n legal<br \/>\n  o cuando sea necesario para la prestaci\u00f3n de servicios t\u00e9cnicos<br \/>\n  vinculados al funcionamiento del sitio web.\n<\/p>\n<h2 class=\"titulo-seccion\"><span class=\"ez-toc-section\" id=\"Derechos_del_usuario\"><\/span>Derechos del usuario<span class=\"ez-toc-section-end\"><\/span><\/h2>\n<p class=\"texto-seccion\" style=\"text-align: center;\">\n  El usuario tiene derecho a acceder, rectificar, suprimir, limitar<br \/>\n  u oponerse al tratamiento de sus datos personales, as\u00ed como a solicitar<br \/>\n  la portabilidad de los mismos.\n<\/p>\n<p class=\"texto-seccion\" style=\"text-align: center;\">\n  Para ejercer estos derechos, el usuario puede contactar a trav\u00e9s<br \/>\n  de los medios indicados en la secci\u00f3n de contacto del sitio web.\n<\/p>\n<h2 class=\"titulo-seccion\"><span class=\"ez-toc-section\" id=\"Medidas_de_seguridad\"><\/span>Medidas de seguridad<span class=\"ez-toc-section-end\"><\/span><\/h2>\n<p class=\"texto-seccion\" style=\"text-align: center;\">\n  Nomloop adopta las medidas t\u00e9cnicas y organizativas necesarias para<br \/>\n  garantizar la seguridad, integridad y confidencialidad de los datos<br \/>\n  personales tratados.\n<\/p>\n<h2 class=\"titulo-seccion\"><span class=\"ez-toc-section\" id=\"Cambios_en_la_politica_de_privacidad\"><\/span>Cambios en la pol\u00edtica de privacidad<span class=\"ez-toc-section-end\"><\/span><\/h2>\n<p class=\"texto-seccion\" style=\"text-align: center;\">\n  Nomloop se reserva el derecho a modificar la presente Pol\u00edtica de<br \/>\n  Privacidad para adaptarla a cambios legislativos o t\u00e9cnicos.\n<\/p>\n<div class=\"resumen-destacado\" style=\"text-align: center;\">\n  El tratamiento de los datos personales en <strong>Nomloop<\/strong> se<br \/>\n  realiza de forma responsable, respetando los derechos del usuario y<br \/>\n  la normativa vigente en materia de protecci\u00f3n de datos.\n<\/div>\n<div id=\"ez-toc-container\" class=\"ez-toc-v2_0_80 counter-hierarchy ez-toc-counter ez-toc-grey ez-toc-container-direction\">\n<div class=\"ez-toc-title-container\">\n<p class=\"ez-toc-title\" style=\"cursor:inherit\">Conenido<\/p>\n<span class=\"ez-toc-title-toggle\"><a href=\"#\" class=\"ez-toc-pull-right ez-toc-btn ez-toc-btn-xs ez-toc-btn-default ez-toc-toggle\" aria-label=\"Alternar tabla de contenidos\"><span class=\"ez-toc-js-icon-con\"><span class=\"\"><span class=\"eztoc-hide\" style=\"display:none;\">Toggle<\/span><span class=\"ez-toc-icon-toggle-span\"><svg style=\"fill: #999;color:#999\" xmlns=\"http:\/\/www.w3.org\/2000\/svg\" class=\"list-377408\" width=\"20px\" height=\"20px\" viewBox=\"0 0 24 24\" fill=\"none\"><path d=\"M6 6H4v2h2V6zm14 0H8v2h12V6zM4 11h2v2H4v-2zm16 0H8v2h12v-2zM4 16h2v2H4v-2zm16 0H8v2h12v-2z\" fill=\"currentColor\"><\/path><\/svg><svg style=\"fill: #999;color:#999\" class=\"arrow-unsorted-368013\" xmlns=\"http:\/\/www.w3.org\/2000\/svg\" width=\"10px\" height=\"10px\" viewBox=\"0 0 24 24\" version=\"1.2\" baseProfile=\"tiny\"><path d=\"M18.2 9.3l-6.2-6.3-6.2 6.3c-.2.2-.3.4-.3.7s.1.5.3.7c.2.2.4.3.7.3h11c.3 0 .5-.1.7-.3.2-.2.3-.5.3-.7s-.1-.5-.3-.7zM5.8 14.7l6.2 6.3 6.2-6.3c.2-.2.3-.5.3-.7s-.1-.5-.3-.7c-.2-.2-.4-.3-.7-.3h-11c-.3 0-.5.1-.7.3-.2.2-.3.5-.3.7s.1.5.3.7z\"\/><\/svg><\/span><\/span><\/span><\/a><\/span><\/div>\n<nav><ul class='ez-toc-list ez-toc-list-level-1 ' ><li class='ez-toc-page-1 ez-toc-heading-level-2'><a class=\"ez-toc-link ez-toc-heading-1\" href=\"https:\/\/nomloop.com\/es-us\/politica-de-privacidad\/#Responsable_del_tratamiento\" >Responsable del tratamiento<\/a><\/li><li class='ez-toc-page-1 ez-toc-heading-level-2'><a class=\"ez-toc-link ez-toc-heading-2\" href=\"https:\/\/nomloop.com\/es-us\/politica-de-privacidad\/#Datos_personales_recopilados\" >Datos personales recopilados<\/a><\/li><li class='ez-toc-page-1 ez-toc-heading-level-2'><a class=\"ez-toc-link ez-toc-heading-3\" href=\"https:\/\/nomloop.com\/es-us\/politica-de-privacidad\/#Finalidad_del_tratamiento\" >Finalidad del tratamiento<\/a><\/li><li class='ez-toc-page-1 ez-toc-heading-level-2'><a class=\"ez-toc-link ez-toc-heading-4\" href=\"https:\/\/nomloop.com\/es-us\/politica-de-privacidad\/#Legitimacion_del_tratamiento\" >Legitimaci\u00f3n del tratamiento<\/a><\/li><li class='ez-toc-page-1 ez-toc-heading-level-2'><a class=\"ez-toc-link ez-toc-heading-5\" href=\"https:\/\/nomloop.com\/es-us\/politica-de-privacidad\/#Conservacion_de_los_datos\" >Conservaci\u00f3n de los datos<\/a><\/li><li class='ez-toc-page-1 ez-toc-heading-level-2'><a class=\"ez-toc-link ez-toc-heading-6\" href=\"https:\/\/nomloop.com\/es-us\/politica-de-privacidad\/#Cesion_de_datos_a_terceros\" >Cesi\u00f3n de datos a terceros<\/a><\/li><li class='ez-toc-page-1 ez-toc-heading-level-2'><a class=\"ez-toc-link ez-toc-heading-7\" href=\"https:\/\/nomloop.com\/es-us\/politica-de-privacidad\/#Derechos_del_usuario\" >Derechos del usuario<\/a><\/li><li class='ez-toc-page-1 ez-toc-heading-level-2'><a class=\"ez-toc-link ez-toc-heading-8\" href=\"https:\/\/nomloop.com\/es-us\/politica-de-privacidad\/#Medidas_de_seguridad\" >Medidas de seguridad<\/a><\/li><li class='ez-toc-page-1 ez-toc-heading-level-2'><a class=\"ez-toc-link ez-toc-heading-9\" href=\"https:\/\/nomloop.com\/es-us\/politica-de-privacidad\/#Cambios_en_la_politica_de_privacidad\" >Cambios en la pol\u00edtica de privacidad<\/a><\/li><\/ul><\/nav><\/div>\n","protected":false},"excerpt":{"rendered":"<p>Protecci\u00f3n y tratamiento de datos personales La presente Pol\u00edtica de Privacidad regula el tratamiento de los datos personales recopilados a trav\u00e9s del sitio web Nomloop, de conformidad con la normativa vigente en materia de protecci\u00f3n de datos. El acceso y uso de este sitio web implica la aceptaci\u00f3n de los t\u00e9rminos establecidos en esta pol\u00edtica. [&hellip;]<\/p>\n","protected":false},"author":1,"featured_media":693,"parent":0,"menu_order":0,"comment_status":"closed","ping_status":"closed","template":"","meta":{"footnotes":""},"class_list":["post-529","page","type-page","status-publish","has-post-thumbnail","hentry"],"blocksy_meta":[],"yoast_head":"<!-- This site is optimized with the Yoast SEO plugin v27.0 - https:\/\/yoast.com\/product\/yoast-seo-wordpress\/ -->\n<title>Pol\u00edtica de privacidad | NomLoop<\/title>\n<meta name=\"description\" content=\"Pol\u00edtica de privacidad de Nomloop. Informaci\u00f3n sobre el tratamiento de datos personales, derechos del usuario y uso responsable.\" \/>\n<meta name=\"robots\" content=\"index, follow, max-snippet:-1, max-image-preview:large, max-video-preview:-1\" \/>\n<link rel=\"canonical\" href=\"https:\/\/nomloop.com\/es-us\/politica-de-privacidad\/\" \/>\n<meta property=\"og:locale\" content=\"es_ES\" \/>\n<meta property=\"og:type\" content=\"article\" \/>\n<meta property=\"og:title\" content=\"Pol\u00edtica de privacidad | NomLoop\" \/>\n<meta property=\"og:description\" content=\"Pol\u00edtica de privacidad de Nomloop. Informaci\u00f3n sobre el tratamiento de datos personales, derechos del usuario y uso responsable.\" \/>\n<meta property=\"og:url\" content=\"https:\/\/nomloop.com\/es-us\/politica-de-privacidad\/\" \/>\n<meta property=\"og:site_name\" content=\"EEUU Latino\" \/>\n<meta property=\"article:modified_time\" content=\"2026-01-31T01:27:00+00:00\" \/>\n<meta property=\"og:image\" content=\"https:\/\/nomloop.com\/es-us\/wp-content\/uploads\/sites\/87\/HOME_NomLoop.webp\" \/>\n\t<meta property=\"og:image:width\" content=\"1200\" \/>\n\t<meta property=\"og:image:height\" content=\"800\" \/>\n\t<meta property=\"og:image:type\" content=\"image\/webp\" \/>\n<meta name=\"twitter:card\" content=\"summary_large_image\" \/>\n<meta name=\"twitter:label1\" content=\"Tiempo de lectura\" \/>\n\t<meta name=\"twitter:data1\" content=\"2 minutos\" \/>\n<script type=\"application\/ld+json\" class=\"yoast-schema-graph\">{\"@context\":\"https:\/\/schema.org\",\"@graph\":[{\"@type\":\"WebPage\",\"@id\":\"https:\/\/nomloop.com\/es-us\/politica-de-privacidad\/\",\"url\":\"https:\/\/nomloop.com\/es-us\/politica-de-privacidad\/\",\"name\":\"Pol\u00edtica de privacidad | NomLoop\",\"isPartOf\":{\"@id\":\"https:\/\/nomloop.com\/es-us\/#website\"},\"primaryImageOfPage\":{\"@id\":\"https:\/\/nomloop.com\/es-us\/politica-de-privacidad\/#primaryimage\"},\"image\":{\"@id\":\"https:\/\/nomloop.com\/es-us\/politica-de-privacidad\/#primaryimage\"},\"thumbnailUrl\":\"https:\/\/nomloop.com\/es-us\/wp-content\/uploads\/sites\/87\/HOME_NomLoop.webp\",\"datePublished\":\"2026-01-13T00:46:45+00:00\",\"dateModified\":\"2026-01-31T01:27:00+00:00\",\"description\":\"Pol\u00edtica de privacidad de Nomloop. Informaci\u00f3n sobre el tratamiento de datos personales, derechos del usuario y uso responsable.\",\"breadcrumb\":{\"@id\":\"https:\/\/nomloop.com\/es-us\/politica-de-privacidad\/#breadcrumb\"},\"inLanguage\":\"es\",\"potentialAction\":[{\"@type\":\"ReadAction\",\"target\":[\"https:\/\/nomloop.com\/es-us\/politica-de-privacidad\/\"]}]},{\"@type\":\"ImageObject\",\"inLanguage\":\"es\",\"@id\":\"https:\/\/nomloop.com\/es-us\/politica-de-privacidad\/#primaryimage\",\"url\":\"https:\/\/nomloop.com\/es-us\/wp-content\/uploads\/sites\/87\/HOME_NomLoop.webp\",\"contentUrl\":\"https:\/\/nomloop.com\/es-us\/wp-content\/uploads\/sites\/87\/HOME_NomLoop.webp\",\"width\":1200,\"height\":800,\"caption\":\"HOME_NomLoop\"},{\"@type\":\"BreadcrumbList\",\"@id\":\"https:\/\/nomloop.com\/es-us\/politica-de-privacidad\/#breadcrumb\",\"itemListElement\":[{\"@type\":\"ListItem\",\"position\":1,\"name\":\"Portada\",\"item\":\"https:\/\/nomloop.com\/es-us\/\"},{\"@type\":\"ListItem\",\"position\":2,\"name\":\"Pol\u00edtica de privacidad\"}]},{\"@type\":\"WebSite\",\"@id\":\"https:\/\/nomloop.com\/es-us\/#website\",\"url\":\"https:\/\/nomloop.com\/es-us\/\",\"name\":\"EEUU Latino\",\"description\":\"\",\"publisher\":{\"@id\":\"https:\/\/nomloop.com\/es-us\/#\/schema\/person\/31d96ea0e6c72ae23ec4f725e949fdab\"},\"potentialAction\":[{\"@type\":\"SearchAction\",\"target\":{\"@type\":\"EntryPoint\",\"urlTemplate\":\"https:\/\/nomloop.com\/es-us\/?s={search_term_string}\"},\"query-input\":{\"@type\":\"PropertyValueSpecification\",\"valueRequired\":true,\"valueName\":\"search_term_string\"}}],\"inLanguage\":\"es\"},{\"@type\":[\"Person\",\"Organization\"],\"@id\":\"https:\/\/nomloop.com\/es-us\/#\/schema\/person\/31d96ea0e6c72ae23ec4f725e949fdab\",\"name\":\"madindio\",\"image\":{\"@type\":\"ImageObject\",\"inLanguage\":\"es\",\"@id\":\"https:\/\/nomloop.com\/es-us\/#\/schema\/person\/image\/\",\"url\":\"https:\/\/nomloop.com\/es-us\/wp-content\/uploads\/sites\/87\/NomLoop_HOME.webp\",\"contentUrl\":\"https:\/\/nomloop.com\/es-us\/wp-content\/uploads\/sites\/87\/NomLoop_HOME.webp\",\"width\":468,\"height\":527,\"caption\":\"madindio\"},\"logo\":{\"@id\":\"https:\/\/nomloop.com\/es-us\/#\/schema\/person\/image\/\"},\"sameAs\":[\"https:\/\/www.uruservice.com\"]}]}<\/script>\n<!-- \/ Yoast SEO plugin. -->","yoast_head_json":{"title":"Pol\u00edtica de privacidad | NomLoop","description":"Pol\u00edtica de privacidad de Nomloop. Informaci\u00f3n sobre el tratamiento de datos personales, derechos del usuario y uso responsable.","robots":{"index":"index","follow":"follow","max-snippet":"max-snippet:-1","max-image-preview":"max-image-preview:large","max-video-preview":"max-video-preview:-1"},"canonical":"https:\/\/nomloop.com\/es-us\/politica-de-privacidad\/","og_locale":"es_ES","og_type":"article","og_title":"Pol\u00edtica de privacidad | NomLoop","og_description":"Pol\u00edtica de privacidad de Nomloop. Informaci\u00f3n sobre el tratamiento de datos personales, derechos del usuario y uso responsable.","og_url":"https:\/\/nomloop.com\/es-us\/politica-de-privacidad\/","og_site_name":"EEUU Latino","article_modified_time":"2026-01-31T01:27:00+00:00","og_image":[{"width":1200,"height":800,"url":"https:\/\/nomloop.com\/es-us\/wp-content\/uploads\/sites\/87\/HOME_NomLoop.webp","type":"image\/webp"}],"twitter_card":"summary_large_image","twitter_misc":{"Tiempo de lectura":"2 minutos"},"schema":{"@context":"https:\/\/schema.org","@graph":[{"@type":"WebPage","@id":"https:\/\/nomloop.com\/es-us\/politica-de-privacidad\/","url":"https:\/\/nomloop.com\/es-us\/politica-de-privacidad\/","name":"Pol\u00edtica de privacidad | NomLoop","isPartOf":{"@id":"https:\/\/nomloop.com\/es-us\/#website"},"primaryImageOfPage":{"@id":"https:\/\/nomloop.com\/es-us\/politica-de-privacidad\/#primaryimage"},"image":{"@id":"https:\/\/nomloop.com\/es-us\/politica-de-privacidad\/#primaryimage"},"thumbnailUrl":"https:\/\/nomloop.com\/es-us\/wp-content\/uploads\/sites\/87\/HOME_NomLoop.webp","datePublished":"2026-01-13T00:46:45+00:00","dateModified":"2026-01-31T01:27:00+00:00","description":"Pol\u00edtica de privacidad de Nomloop. Informaci\u00f3n sobre el tratamiento de datos personales, derechos del usuario y uso responsable.","breadcrumb":{"@id":"https:\/\/nomloop.com\/es-us\/politica-de-privacidad\/#breadcrumb"},"inLanguage":"es","potentialAction":[{"@type":"ReadAction","target":["https:\/\/nomloop.com\/es-us\/politica-de-privacidad\/"]}]},{"@type":"ImageObject","inLanguage":"es","@id":"https:\/\/nomloop.com\/es-us\/politica-de-privacidad\/#primaryimage","url":"https:\/\/nomloop.com\/es-us\/wp-content\/uploads\/sites\/87\/HOME_NomLoop.webp","contentUrl":"https:\/\/nomloop.com\/es-us\/wp-content\/uploads\/sites\/87\/HOME_NomLoop.webp","width":1200,"height":800,"caption":"HOME_NomLoop"},{"@type":"BreadcrumbList","@id":"https:\/\/nomloop.com\/es-us\/politica-de-privacidad\/#breadcrumb","itemListElement":[{"@type":"ListItem","position":1,"name":"Portada","item":"https:\/\/nomloop.com\/es-us\/"},{"@type":"ListItem","position":2,"name":"Pol\u00edtica de privacidad"}]},{"@type":"WebSite","@id":"https:\/\/nomloop.com\/es-us\/#website","url":"https:\/\/nomloop.com\/es-us\/","name":"EEUU Latino","description":"","publisher":{"@id":"https:\/\/nomloop.com\/es-us\/#\/schema\/person\/31d96ea0e6c72ae23ec4f725e949fdab"},"potentialAction":[{"@type":"SearchAction","target":{"@type":"EntryPoint","urlTemplate":"https:\/\/nomloop.com\/es-us\/?s={search_term_string}"},"query-input":{"@type":"PropertyValueSpecification","valueRequired":true,"valueName":"search_term_string"}}],"inLanguage":"es"},{"@type":["Person","Organization"],"@id":"https:\/\/nomloop.com\/es-us\/#\/schema\/person\/31d96ea0e6c72ae23ec4f725e949fdab","name":"madindio","image":{"@type":"ImageObject","inLanguage":"es","@id":"https:\/\/nomloop.com\/es-us\/#\/schema\/person\/image\/","url":"https:\/\/nomloop.com\/es-us\/wp-content\/uploads\/sites\/87\/NomLoop_HOME.webp","contentUrl":"https:\/\/nomloop.com\/es-us\/wp-content\/uploads\/sites\/87\/NomLoop_HOME.webp","width":468,"height":527,"caption":"madindio"},"logo":{"@id":"https:\/\/nomloop.com\/es-us\/#\/schema\/person\/image\/"},"sameAs":["https:\/\/www.uruservice.com"]}]}},"_links":{"self":[{"href":"https:\/\/nomloop.com\/es-us\/wp-json\/wp\/v2\/pages\/529","targetHints":{"allow":["GET"]}}],"collection":[{"href":"https:\/\/nomloop.com\/es-us\/wp-json\/wp\/v2\/pages"}],"about":[{"href":"https:\/\/nomloop.com\/es-us\/wp-json\/wp\/v2\/types\/page"}],"author":[{"embeddable":true,"href":"https:\/\/nomloop.com\/es-us\/wp-json\/wp\/v2\/users\/1"}],"replies":[{"embeddable":true,"href":"https:\/\/nomloop.com\/es-us\/wp-json\/wp\/v2\/comments?post=529"}],"version-history":[{"count":2,"href":"https:\/\/nomloop.com\/es-us\/wp-json\/wp\/v2\/pages\/529\/revisions"}],"predecessor-version":[{"id":697,"href":"https:\/\/nomloop.com\/es-us\/wp-json\/wp\/v2\/pages\/529\/revisions\/697"}],"wp:featuredmedia":[{"embeddable":true,"href":"https:\/\/nomloop.com\/es-us\/wp-json\/wp\/v2\/media\/693"}],"wp:attachment":[{"href":"https:\/\/nomloop.com\/es-us\/wp-json\/wp\/v2\/media?parent=529"}],"curies":[{"name":"wp","href":"https:\/\/api.w.org\/{rel}","templated":true}]}}